{"id":78,"date":"2022-09-14T17:49:07","date_gmt":"2022-09-14T17:49:07","guid":{"rendered":"https:\/\/register.proficiencybox.com\/?post_type=product&#038;p=78"},"modified":"2022-11-30T14:47:27","modified_gmt":"2022-11-30T14:47:27","slug":"curso-mejores-estrategias-para-tu-cv","status":"publish","type":"product","link":"https:\/\/register.proficiencybox.com\/index.php\/producto\/curso-mejores-estrategias-para-tu-cv\/","title":{"rendered":"Curso &#8220;Haz tu C.V. Exitoso&#8221;"},"content":{"rendered":"","protected":false},"excerpt":{"rendered":"<p style=\"text-align: justify;\">En <strong>Proficiency Box<\/strong> hemos desarrollado una metodolog\u00eda basada en fundamentos pedag\u00f3gicos (may\u00e9utica) que te ayudar\u00e1 a descubrir y a recodificar tus conocimientos, habilidades, formaci\u00f3n y experiencias alineadas a competencias laborales y a valores agregados generados de manera cualitativa y cuantitativa que te servir\u00e1n para venderte mejor en una entrevista laboral garantizando un aprendizaje acelerado.<\/p>\n<p style=\"text-align: justify;\">Durante nuestro curso encontrar\u00e1s formas muy pr\u00e1cticas de elaborar tu curriculum vitae alineadas a los nuevos estilos y modas en materia laboral y de selecci\u00f3n de personal.<\/p>\n<p style=\"text-align: justify;\">Nuestros m\u00e9todos te ayudar\u00e1n a desarrollar tambi\u00e9n un ejercicio de introspecci\u00f3n que potenciar\u00e1 tus logros y valores agregados, as\u00ed como tus competencias laborales adquiridas a trav\u00e9s de los a\u00f1os; De esta manera tambi\u00e9n reforzar\u00e1s ejercicios de s\u00edntesis para la correcta forma de vender todo tu bagaje, somos precursores de esta metodolog\u00eda que ha ayudado a cientos de profesionistas que han buscado trabajo al igual que t\u00fa, obteniendo nuevas oportunidades y proyectos en su carrera profesional.<\/p>\n<p style=\"text-align: justify;\">Con nuestro curso podr\u00e1s enfrentar cualquier tipo de entrevista (Primer filtro, Competencias Laborales, Modelo SMART, T\u00e9cnico &#8211; Funcional, Capacidades, Factores cr\u00edticos del negocio, KPI\u00b4s, Cortes\u00eda, etc.) a cualquier nivel dentro de la organizaci\u00f3n (Reclutamiento, Recursos Humanos, Jefe Inmediato, Supervisor del jefe inmediato, Direcci\u00f3n General, Etc.)<\/p>\n<p style=\"text-align: justify;\">En Proficiency Box estamos para ayudarte, \u00a1Tu contrataci\u00f3n \u2026 es nuestra Pasi\u00f3n!<\/p>\n<p>&nbsp;<\/p>\n<p><span style=\"color: #ff6600;\"><strong>COSTO DE TU INVERSI\u00d3N:<\/strong><\/span><\/p>\n","protected":false},"featured_media":182,"template":"","meta":{"site-sidebar-layout":"default","site-content-layout":"default","ast-global-header-display":"","ast-main-header-display":"","ast-hfb-above-header-display":"","ast-hfb-below-header-display":"","ast-hfb-mobile-header-display":"","site-post-title":"","ast-breadcrumbs-content":"","ast-featured-img":"","footer-sml-layout":"","theme-transparent-header-meta":"default","adv-header-id-meta":"","stick-header-meta":"","header-above-stick-meta":"","header-main-stick-meta":"","header-below-stick-meta":""},"product_brand":[],"product_cat":[15],"product_tag":[],"class_list":{"0":"post-78","1":"product","2":"type-product","3":"status-publish","4":"has-post-thumbnail","6":"product_cat-sin-categorizar","7":"desktop-align-left","8":"tablet-align-left","9":"mobile-align-left","11":"first","12":"instock","13":"shipping-taxable","14":"purchasable","15":"product-type-simple"},"_links":{"self":[{"href":"https:\/\/register.proficiencybox.com\/index.php\/wp-json\/wp\/v2\/product\/78","targetHints":{"allow":["GET"]}}],"collection":[{"href":"https:\/\/register.proficiencybox.com\/index.php\/wp-json\/wp\/v2\/product"}],"about":[{"href":"https:\/\/register.proficiencybox.com\/index.php\/wp-json\/wp\/v2\/types\/product"}],"wp:featuredmedia":[{"embeddable":true,"href":"https:\/\/register.proficiencybox.com\/index.php\/wp-json\/wp\/v2\/media\/182"}],"wp:attachment":[{"href":"https:\/\/register.proficiencybox.com\/index.php\/wp-json\/wp\/v2\/media?parent=78"}],"wp:term":[{"taxonomy":"product_brand","embeddable":true,"href":"https:\/\/register.proficiencybox.com\/index.php\/wp-json\/wp\/v2\/product_brand?post=78"},{"taxonomy":"product_cat","embeddable":true,"href":"https:\/\/register.proficiencybox.com\/index.php\/wp-json\/wp\/v2\/product_cat?post=78"},{"taxonomy":"product_tag","embeddable":true,"href":"https:\/\/register.proficiencybox.com\/index.php\/wp-json\/wp\/v2\/product_tag?post=78"}],"curies":[{"name":"wp","href":"https:\/\/api.w.org\/{rel}","templated":true}]}}