{"id":28,"date":"2022-09-09T13:41:24","date_gmt":"2022-09-09T13:41:24","guid":{"rendered":"https:\/\/register.proficiencybox.com\/?post_type=product&#038;p=28"},"modified":"2022-11-16T23:15:38","modified_gmt":"2022-11-16T23:15:38","slug":"membresia-black","status":"publish","type":"product","link":"https:\/\/register.proficiencybox.com\/index.php\/producto\/membresia-black\/","title":{"rendered":"Membres\u00eda Black"},"content":{"rendered":"<p>Membres\u00eda Black cuadro de dialogo<\/p>\n","protected":false},"excerpt":{"rendered":"<div class=\"elementor-element elementor-element-9d89449 elementor-widget elementor-widget-text-editor\" data-id=\"9d89449\" data-element_type=\"widget\" data-widget_type=\"text-editor.default\">\n<div class=\"elementor-widget-container\">\n<h5 class=\"product_title entry-title\"><span style=\"font-size: 16px;\">_______________________________________________________________________________________________<\/span><\/h5>\n<ul>\n<li>\n<h5>Call Center (Asesoria de primer contacto y seguimiento)<\/h5>\n<\/li>\n<li>\n<h5>Back office (Plataforma Tecnol\u00f3gica)<\/h5>\n<\/li>\n<li>\n<h5>Biblioteca Digital (Descarga hasta 7 documentos al mes)<\/h5>\n<\/li>\n<li>\n<h5>Newsletter (Acceso a publicaci\u00f3n diaria)<\/h5>\n<\/li>\n<li>\n<h5>Magazine (Suplemento trimestral coleccionable) pr\u00f3ximamente<\/h5>\n<\/li>\n<li>\n<h5>Proveedores Certificados (Acceso a plataforma de proveedores)<\/h5>\n<\/li>\n<li>\n<h5>\u00a0Servicios Especializados (Consejer\u00eda, consultor\u00eda y asesor\u00eda)<\/h5>\n<\/li>\n<li>\n<h5><b>Beneficios al personal<\/b><\/h5>\n<\/li>\n<li>\n<h5><b>Vitrina de Talento<\/b><\/h5>\n<\/li>\n<\/ul>\n<\/div>\n<\/div>\n","protected":false},"featured_media":162,"template":"","meta":{"site-sidebar-layout":"default","site-content-layout":"default","ast-global-header-display":"","ast-main-header-display":"","ast-hfb-above-header-display":"","ast-hfb-below-header-display":"","ast-hfb-mobile-header-display":"","site-post-title":"","ast-breadcrumbs-content":"","ast-featured-img":"","footer-sml-layout":"","theme-transparent-header-meta":"default","adv-header-id-meta":"","stick-header-meta":"","header-above-stick-meta":"","header-main-stick-meta":"","header-below-stick-meta":""},"product_brand":[],"product_cat":[17],"product_tag":[],"class_list":{"0":"post-28","1":"product","2":"type-product","3":"status-publish","4":"has-post-thumbnail","6":"product_cat-membresias","7":"desktop-align-left","8":"tablet-align-left","9":"mobile-align-left","11":"first","12":"instock","13":"virtual","14":"sold-individually","15":"purchasable","16":"product-type-simple"},"_links":{"self":[{"href":"https:\/\/register.proficiencybox.com\/index.php\/wp-json\/wp\/v2\/product\/28","targetHints":{"allow":["GET"]}}],"collection":[{"href":"https:\/\/register.proficiencybox.com\/index.php\/wp-json\/wp\/v2\/product"}],"about":[{"href":"https:\/\/register.proficiencybox.com\/index.php\/wp-json\/wp\/v2\/types\/product"}],"wp:featuredmedia":[{"embeddable":true,"href":"https:\/\/register.proficiencybox.com\/index.php\/wp-json\/wp\/v2\/media\/162"}],"wp:attachment":[{"href":"https:\/\/register.proficiencybox.com\/index.php\/wp-json\/wp\/v2\/media?parent=28"}],"wp:term":[{"taxonomy":"product_brand","embeddable":true,"href":"https:\/\/register.proficiencybox.com\/index.php\/wp-json\/wp\/v2\/product_brand?post=28"},{"taxonomy":"product_cat","embeddable":true,"href":"https:\/\/register.proficiencybox.com\/index.php\/wp-json\/wp\/v2\/product_cat?post=28"},{"taxonomy":"product_tag","embeddable":true,"href":"https:\/\/register.proficiencybox.com\/index.php\/wp-json\/wp\/v2\/product_tag?post=28"}],"curies":[{"name":"wp","href":"https:\/\/api.w.org\/{rel}","templated":true}]}}