{"id":17,"date":"2022-09-09T13:21:24","date_gmt":"2022-09-09T13:21:24","guid":{"rendered":"https:\/\/register.proficiencybox.com\/index.php\/producto\/album\/"},"modified":"2022-10-03T20:00:19","modified_gmt":"2022-10-03T20:00:19","slug":"membresia-silver","status":"publish","type":"product","link":"https:\/\/register.proficiencybox.com\/index.php\/producto\/membresia-silver\/","title":{"rendered":"Membres\u00eda Silver"},"content":{"rendered":"<p>Membres\u00eda Silver cuadro de dialogo<\/p>\n","protected":false},"excerpt":{"rendered":"<p>_______________________________________________________________________________________________<\/p>\n<ul>\n<li>\n<h5>Call Center (Asesoria de primer contacto y seguimiento)<\/h5>\n<\/li>\n<li>\n<h5>Back office (Plataforma Tecnol\u00f3gica)<\/h5>\n<\/li>\n<li>\n<h5>Biblioteca Digital (Descarga hasta 3 documentos al mes)<\/h5>\n<\/li>\n<li>\n<h5>Newsletter (Acceso a publicaci\u00f3n diaria)<\/h5>\n<\/li>\n<li>\n<h5>Magazine (Suplemento trimestral coleccionable) pr\u00f3ximamente<\/h5>\n<\/li>\n<li>\n<h5>Proveedores Certificados (Acceso a plataforma de proveedores)<\/h5>\n<\/li>\n<li>\n<h5>\u00a0Servicios Especializados (Consejer\u00eda, consultor\u00eda y asesor\u00eda)<\/h5>\n<\/li>\n<\/ul>\n","protected":false},"featured_media":130,"template":"","meta":{"site-sidebar-layout":"default","site-content-layout":"default","ast-global-header-display":"","ast-main-header-display":"","ast-hfb-above-header-display":"","ast-hfb-below-header-display":"","ast-hfb-mobile-header-display":"","site-post-title":"","ast-breadcrumbs-content":"","ast-featured-img":"","footer-sml-layout":"","theme-transparent-header-meta":"default","adv-header-id-meta":"","stick-header-meta":"","header-above-stick-meta":"","header-main-stick-meta":"","header-below-stick-meta":""},"product_brand":[],"product_cat":[17],"product_tag":[],"class_list":{"0":"post-17","1":"product","2":"type-product","3":"status-publish","4":"has-post-thumbnail","6":"product_cat-membresias","7":"desktop-align-left","8":"tablet-align-left","9":"mobile-align-left","11":"first","12":"instock","13":"virtual","14":"sold-individually","15":"purchasable","16":"product-type-simple"},"_links":{"self":[{"href":"https:\/\/register.proficiencybox.com\/index.php\/wp-json\/wp\/v2\/product\/17","targetHints":{"allow":["GET"]}}],"collection":[{"href":"https:\/\/register.proficiencybox.com\/index.php\/wp-json\/wp\/v2\/product"}],"about":[{"href":"https:\/\/register.proficiencybox.com\/index.php\/wp-json\/wp\/v2\/types\/product"}],"wp:featuredmedia":[{"embeddable":true,"href":"https:\/\/register.proficiencybox.com\/index.php\/wp-json\/wp\/v2\/media\/130"}],"wp:attachment":[{"href":"https:\/\/register.proficiencybox.com\/index.php\/wp-json\/wp\/v2\/media?parent=17"}],"wp:term":[{"taxonomy":"product_brand","embeddable":true,"href":"https:\/\/register.proficiencybox.com\/index.php\/wp-json\/wp\/v2\/product_brand?post=17"},{"taxonomy":"product_cat","embeddable":true,"href":"https:\/\/register.proficiencybox.com\/index.php\/wp-json\/wp\/v2\/product_cat?post=17"},{"taxonomy":"product_tag","embeddable":true,"href":"https:\/\/register.proficiencybox.com\/index.php\/wp-json\/wp\/v2\/product_tag?post=17"}],"curies":[{"name":"wp","href":"https:\/\/api.w.org\/{rel}","templated":true}]}}